{"id":646,"date":"2026-01-26T12:26:16","date_gmt":"2026-01-26T11:26:16","guid":{"rendered":"https:\/\/herr-straberger.at\/?post_type=product&#038;p=646"},"modified":"2026-02-05T07:58:09","modified_gmt":"2026-02-05T06:58:09","slug":"eschenholz-schreibtisch-unique","status":"publish","type":"product","link":"https:\/\/herr-straberger.at\/en\/shop\/eschenholz-schreibtisch-unique\/","title":{"rendered":"Schreibtisch Kernesche UNIQUE."},"content":{"rendered":"<p>Dieser <strong>Schreibtisch<\/strong> aus Kerneschen Holz ist ein kraftvolles St\u00fcck <strong>Handwerk<\/strong> mit unverwechselbarem Charakter. Die markante Zeichnung der Kernesche, lebendig, kontrastreich und nat\u00fcrlich kernig. Die ge\u00f6lte Oberfl\u00e4che betont die Tiefe der Maserung, f\u00fchlt sich angenehm an und sch\u00fctzt das Holz zuverl\u00e4ssig.<\/p>\n<p>Dieser Schreibtisch ist gemacht f\u00fcr K\u00fcnstler und Feingeiste, f\u00fcr Menschen, die mit Ideen arbeiten und einen Arbeitsplatz suchen, der Ruhe, Inspiration und Sinnlichkeit verbindet.<\/p>\n<p>Abmessungen. Breite 45 cm bist 70cm. L\u00e4nge 135 cm.<\/p>","protected":false},"excerpt":{"rendered":"<p>Dieser <strong>Schreibtisch<\/strong> aus Kerneschen Holz ist ein kraftvolles St\u00fcck <strong>Handwerk<\/strong> mit unverwechselbarem Charakter. Die markante Zeichnung der Kernesche, lebendig, kontrastreich und nat\u00fcrlich kernig. Die ge\u00f6lte Oberfl\u00e4che betont die Tiefe der Maserung, f\u00fchlt sich angenehm an und sch\u00fctzt das Holz zuverl\u00e4ssig.<\/p>\n<p>Dieser Schreibtisch ist gemacht f\u00fcr K\u00fcnstler und Feingeiste, f\u00fcr Menschen, die mit Ideen arbeiten und einen Arbeitsplatz suchen, der Ruhe, Inspiration und Sinnlichkeit verbindet.<\/p>\n<p>Abmessungen. Breite 45 cm bist 70cm. L\u00e4nge 135 cm.<\/p>","protected":false},"featured_media":653,"template":"","meta":[],"product_brand":[],"product_cat":[15],"product_tag":[],"class_list":{"0":"post-646","1":"product","2":"type-product","3":"status-publish","4":"has-post-thumbnail","6":"product_cat-unkategorisiert","8":"first","9":"instock","10":"taxable","11":"shipping-taxable","12":"purchasable","13":"product-type-simple"},"meta_box":[],"_links":{"self":[{"href":"https:\/\/herr-straberger.at\/en\/wp-json\/wp\/v2\/product\/646","targetHints":{"allow":["GET"]}}],"collection":[{"href":"https:\/\/herr-straberger.at\/en\/wp-json\/wp\/v2\/product"}],"about":[{"href":"https:\/\/herr-straberger.at\/en\/wp-json\/wp\/v2\/types\/product"}],"wp:featuredmedia":[{"embeddable":true,"href":"https:\/\/herr-straberger.at\/en\/wp-json\/wp\/v2\/media\/653"}],"wp:attachment":[{"href":"https:\/\/herr-straberger.at\/en\/wp-json\/wp\/v2\/media?parent=646"}],"wp:term":[{"taxonomy":"product_brand","embeddable":true,"href":"https:\/\/herr-straberger.at\/en\/wp-json\/wp\/v2\/product_brand?post=646"},{"taxonomy":"product_cat","embeddable":true,"href":"https:\/\/herr-straberger.at\/en\/wp-json\/wp\/v2\/product_cat?post=646"},{"taxonomy":"product_tag","embeddable":true,"href":"https:\/\/herr-straberger.at\/en\/wp-json\/wp\/v2\/product_tag?post=646"}],"curies":[{"name":"wp","href":"https:\/\/api.w.org\/{rel}","templated":true}]}}