{"id":529,"date":"2026-01-12T17:32:05","date_gmt":"2026-01-12T16:32:05","guid":{"rendered":"https:\/\/herr-straberger.at\/?post_type=product&#038;p=529"},"modified":"2026-02-05T08:00:35","modified_gmt":"2026-02-05T07:00:35","slug":"jausenbrett-nussholz","status":"publish","type":"product","link":"https:\/\/herr-straberger.at\/en\/shop\/jausenbrett-nussholz\/","title":{"rendered":"Jausenbrett Nussholz"},"content":{"rendered":"<p><strong>HERR STRABERGER Jausenbrett aus Nussholz\u00a0<\/strong><\/p>\n<p>Das HERR STRABERGER Jausenbrett wird aus sorgf\u00e4ltig selektiertem massivem Nussholz in 40 mm St\u00e4rke gefertigt. Jedes Brett entsteht aus einem einzigen St\u00fcck Holz \u2013 ohne Verleimung \u2013 und ist damit ein ehrliches, langlebiges Unikat.<\/p>\n<p>Mit einer beschnittenen Seite und einer nat\u00fcrlichen <strong>Baumkante<\/strong> verbindet es charakterstarkes Design mit praktischer Nutzung: ideal zum Schneiden, Anrichten und Servieren \u2013 vom Jausenklassiker bis zur feinen Kulinarik.<\/p>\n<p><strong>Herkunft &amp; Transparenz<\/strong><\/p>\n<p>Das Holz f\u00fcr dieses besondere Produkt wird von uns pers\u00f6nlich ausgew\u00e4hlt und gewonnen. Es stammt aus dem <strong>S\u00fcdburgenland<\/strong>, der <strong>Buckligen Welt<\/strong> oder der <strong>Oststeiermark.<\/strong><\/p>\n<p>Auf der Unterseite befindet sich eine<strong> ID<\/strong>, die Informationen zur Herkunft des Holzstamms sowie zu den Menschen hinter der Fertigung enth\u00e4lt.<\/p>","protected":false},"excerpt":{"rendered":"<p><strong>HERR STRABERGER Jausenbrett aus Nussholz\u00a0<\/strong><\/p>\n<p>Das HERR STRABERGER Jausenbrett wird aus sorgf\u00e4ltig selektiertem massivem Nussholz in 40 mm St\u00e4rke gefertigt. Jedes Brett entsteht aus einem einzigen St\u00fcck Holz \u2013 ohne Verleimung \u2013 und ist damit ein ehrliches, langlebiges Unikat.<\/p>\n<p>Mit einer beschnittenen Seite und einer nat\u00fcrlichen Baumkante verbindet es charakterstarkes Design mit praktischer Nutzung: ideal zum Schneiden, Anrichten und Servieren \u2013 vom Jausenklassiker bis zur feinen Kulinarik.<\/p>\n<p><strong>Herkunft &amp; Transparenz<\/strong><\/p>\n<p>Das Holz f\u00fcr dieses besondere Produkt wird von HERR STRABERGER pers\u00f6nlich ausgew\u00e4hlt und gewonnen. Es stammt aus dem S\u00fcdburgenland, der Buckligen Welt oder der Oststeiermark \u2013 Regionen, die f\u00fcr gewachsene Qualit\u00e4t und handwerkliche Tradition stehen.<\/p>\n<p>Auf der Unterseite befindet sich eine ID, die Informationen zur Herkunft des Holzstamms sowie zu den Menschen hinter der Fertigung enth\u00e4lt.<\/p>","protected":false},"featured_media":583,"template":"","meta":[],"product_brand":[],"product_cat":[15],"product_tag":[],"class_list":{"0":"post-529","1":"product","2":"type-product","3":"status-publish","4":"has-post-thumbnail","6":"product_cat-unkategorisiert","8":"first","9":"instock","10":"taxable","11":"shipping-taxable","12":"purchasable","13":"product-type-simple"},"meta_box":[],"_links":{"self":[{"href":"https:\/\/herr-straberger.at\/en\/wp-json\/wp\/v2\/product\/529","targetHints":{"allow":["GET"]}}],"collection":[{"href":"https:\/\/herr-straberger.at\/en\/wp-json\/wp\/v2\/product"}],"about":[{"href":"https:\/\/herr-straberger.at\/en\/wp-json\/wp\/v2\/types\/product"}],"wp:featuredmedia":[{"embeddable":true,"href":"https:\/\/herr-straberger.at\/en\/wp-json\/wp\/v2\/media\/583"}],"wp:attachment":[{"href":"https:\/\/herr-straberger.at\/en\/wp-json\/wp\/v2\/media?parent=529"}],"wp:term":[{"taxonomy":"product_brand","embeddable":true,"href":"https:\/\/herr-straberger.at\/en\/wp-json\/wp\/v2\/product_brand?post=529"},{"taxonomy":"product_cat","embeddable":true,"href":"https:\/\/herr-straberger.at\/en\/wp-json\/wp\/v2\/product_cat?post=529"},{"taxonomy":"product_tag","embeddable":true,"href":"https:\/\/herr-straberger.at\/en\/wp-json\/wp\/v2\/product_tag?post=529"}],"curies":[{"name":"wp","href":"https:\/\/api.w.org\/{rel}","templated":true}]}}