{"id":213,"date":"2024-06-17T08:34:25","date_gmt":"2024-06-17T06:34:25","guid":{"rendered":"https:\/\/dev.wertholzdepot.at\/?post_type=product&#038;p=213"},"modified":"2026-02-05T08:04:09","modified_gmt":"2026-02-05T07:04:09","slug":"steak-board","status":"publish","type":"product","link":"https:\/\/herr-straberger.at\/en\/shop\/steakbrett\/","title":{"rendered":"Steak board"},"content":{"rendered":"","protected":false},"excerpt":{"rendered":"<p>The<strong> HERR STRABERGER steak board<\/strong> from selected thick 45<strong>mm ash wood <\/strong>manufactured.<\/p>\n<p>The steak board consists of one piece without any gluing.<\/p>\n<p>Each post is carefully selected for the steak board. With an elegant conical juice groove and a fine leather strap, it is not only <strong>practical<\/strong>but also a\u00a0<strong>Stylish accessory<\/strong> for your kitchen. Perfect for cutting and serving steaks and other culinary creations.<\/p>\n<p>Die besondere Form vereint Formgebung und <strong>Ehrlichkeit<\/strong>.<\/p>\n<p>Es sei besonders hervorgehoben, dass das Holz f\u00fcr dieses au\u00dfergew\u00f6hnliche Produkt von uns pers\u00f6nlich ausgew\u00e4hlt und gewonnen wird.<\/p>\n<p>Es stammt aus dem <strong>S\u00fcdburgenland<\/strong>, der <strong>Buckligen Welt<\/strong> oder der <strong>Oststeiermark<\/strong>.<\/p>\n<p>This underlines the dedication to quality and authenticity.<\/p>\n<p>Auf der Unterseite des Steak Bretts befindet sich eine<strong> ID<\/strong>, die Informationen zur Herkunft des Holzstamms und der Menschen enth\u00e4lt, die das St\u00fcck entstehen haben lassen.<\/p>\n<p>The <strong>HERR STRABERGER<\/strong> Steakbrett ist die B\u00fchne f\u00fcr echtes <strong>Steakhandwerk<\/strong>. Mit einer gro\u00dfz\u00fcgigen L\u00e4nge von 57cm und 37cm Breite bietet es ausreichend Platz, um alle Steak-Varianten stillvoll zu serviern - vom <strong>Filet<\/strong> bis zum <strong>Tomahawk<\/strong>.<\/p>\n<p>&nbsp;<\/p>","protected":false},"featured_media":428,"template":"","meta":[],"product_brand":[],"product_cat":[15],"product_tag":[],"class_list":{"0":"post-213","1":"product","2":"type-product","3":"status-publish","4":"has-post-thumbnail","6":"product_cat-unkategorisiert","8":"first","9":"instock","10":"taxable","11":"shipping-taxable","12":"purchasable","13":"product-type-simple"},"meta_box":[],"_links":{"self":[{"href":"https:\/\/herr-straberger.at\/en\/wp-json\/wp\/v2\/product\/213","targetHints":{"allow":["GET"]}}],"collection":[{"href":"https:\/\/herr-straberger.at\/en\/wp-json\/wp\/v2\/product"}],"about":[{"href":"https:\/\/herr-straberger.at\/en\/wp-json\/wp\/v2\/types\/product"}],"wp:featuredmedia":[{"embeddable":true,"href":"https:\/\/herr-straberger.at\/en\/wp-json\/wp\/v2\/media\/428"}],"wp:attachment":[{"href":"https:\/\/herr-straberger.at\/en\/wp-json\/wp\/v2\/media?parent=213"}],"wp:term":[{"taxonomy":"product_brand","embeddable":true,"href":"https:\/\/herr-straberger.at\/en\/wp-json\/wp\/v2\/product_brand?post=213"},{"taxonomy":"product_cat","embeddable":true,"href":"https:\/\/herr-straberger.at\/en\/wp-json\/wp\/v2\/product_cat?post=213"},{"taxonomy":"product_tag","embeddable":true,"href":"https:\/\/herr-straberger.at\/en\/wp-json\/wp\/v2\/product_tag?post=213"}],"curies":[{"name":"wp","href":"https:\/\/api.w.org\/{rel}","templated":true}]}}